{"id":3910,"date":"2024-01-17T14:52:10","date_gmt":"2024-01-17T13:52:10","guid":{"rendered":"https:\/\/paradiznik.si\/izdelek\/paprika-nokturno\/"},"modified":"2026-03-31T14:21:16","modified_gmt":"2026-03-31T12:21:16","slug":"paprika-nokturno","status":"publish","type":"product","link":"https:\/\/paradiznik.si\/de\/produkt\/paprika-nokturno\/","title":{"rendered":"Paprika \u2013 Nocturne"},"content":{"rendered":"<p>Pfeffer <em data-start=\"1250\" data-end=\"1260\">Nocturne<\/em> (Capsicum annuum) ist <strong data-start=\"1282\" data-end=\"1307\">mittelfr\u00fche Sorte<\/strong> mit einem besonderen, attraktiven Aussehen \u2013 die Fr\u00fcchte sind zun\u00e4chst <strong data-start=\"1358\" data-end=\"1377\">Dunkelviolett<\/strong>, und wenn sie reif sind, verwandeln sie sich in <strong data-start=\"1407\" data-end=\"1422\">rote Farbe<\/strong>. Der Geschmack ist angenehm. <strong data-start=\"1441\" data-end=\"1451\">s\u00fc\u00df<\/strong>, und das Fruchtfleisch ist dick und saftig. Die Pflanze ist <strong data-start=\"1490\" data-end=\"1518\">kompaktes und starkes Wachstum<\/strong>, Nocturno-Paprika eignet sich auch f\u00fcr den Anbau in gr\u00f6\u00dferen T\u00f6pfen und ist hervorragend geeignet f\u00fcr <strong data-start=\"1593\" data-end=\"1618\">Zierpflanzen<\/strong>, aber auch perfekt in der K\u00fcche einsetzbar \u2013 f\u00fcr <strong data-start=\"1661\" data-end=\"1690\">Salate, Backwaren und F\u00fcllungen<\/strong>.<\/p>","protected":false},"excerpt":{"rendered":"<ul>\n<li data-start=\"1720\" data-end=\"1759\">\n<p data-start=\"1722\" data-end=\"1759\"><strong data-start=\"1722\" data-end=\"1741\">Wissenschaftlicher Name:<\/strong> Capsicum annuum<\/p>\n<\/li>\n<li data-start=\"1760\" data-end=\"1791\">\n<p data-start=\"1762\" data-end=\"1791\"><strong data-start=\"1762\" data-end=\"1772\">Farbe:<\/strong> lila, rot<\/p>\n<\/li>\n<li data-start=\"1792\" data-end=\"1828\">\n<p data-start=\"1794\" data-end=\"1828\"><strong data-start=\"1794\" data-end=\"1810\">Reifungszeit:<\/strong> mittelfr\u00fch<\/p>\n<\/li>\n<li data-start=\"1829\" data-end=\"1858\">\n<p data-start=\"1831\" data-end=\"1858\"><strong data-start=\"1831\" data-end=\"1844\">Menge:<\/strong> 10-20 Samen<\/p>\n<\/li>\n<li data-start=\"1859\" data-end=\"1902\">\n<p data-start=\"1861\" data-end=\"1902\"><strong data-start=\"1861\" data-end=\"1881\">Pflanzenh\u00f6he:<\/strong> etwa 50\u201370 cm<\/p>\n<\/li>\n<li data-start=\"1903\" data-end=\"1924\">\n<p data-start=\"1905\" data-end=\"1924\"><strong data-start=\"1905\" data-end=\"1915\">Herkunft:<\/strong> Europa<\/p>\n<\/li>\n<\/ul>","protected":false},"featured_media":3888,"template":"","meta":{"_mo_disable_npp":""},"product_brand":[],"product_cat":[114,71],"product_tag":[],"class_list":{"0":"post-3910","1":"product","2":"type-product","3":"status-publish","4":"has-post-thumbnail","6":"product_cat-paprike","7":"product_cat-semena","8":"pa_barva-rdeca","9":"pa_barva-vijolicna","10":"pa_cas-zorenja-sredi-sezone","12":"first","13":"instock","14":"shipping-taxable","15":"purchasable","16":"product-type-simple"},"_links":{"self":[{"href":"https:\/\/paradiznik.si\/de\/wp-json\/wp\/v2\/product\/3910","targetHints":{"allow":["GET"]}}],"collection":[{"href":"https:\/\/paradiznik.si\/de\/wp-json\/wp\/v2\/product"}],"about":[{"href":"https:\/\/paradiznik.si\/de\/wp-json\/wp\/v2\/types\/product"}],"wp:featuredmedia":[{"embeddable":true,"href":"https:\/\/paradiznik.si\/de\/wp-json\/wp\/v2\/media\/3888"}],"wp:attachment":[{"href":"https:\/\/paradiznik.si\/de\/wp-json\/wp\/v2\/media?parent=3910"}],"wp:term":[{"taxonomy":"product_brand","embeddable":true,"href":"https:\/\/paradiznik.si\/de\/wp-json\/wp\/v2\/product_brand?post=3910"},{"taxonomy":"product_cat","embeddable":true,"href":"https:\/\/paradiznik.si\/de\/wp-json\/wp\/v2\/product_cat?post=3910"},{"taxonomy":"product_tag","embeddable":true,"href":"https:\/\/paradiznik.si\/de\/wp-json\/wp\/v2\/product_tag?post=3910"}],"curies":[{"name":"wp","href":"https:\/\/api.w.org\/{rel}","templated":true}]}}