{"id":3858,"date":"2024-01-17T14:05:08","date_gmt":"2024-01-17T13:05:08","guid":{"rendered":"https:\/\/paradiznik.si\/izdelek\/paradiznik-san-marzano-2\/"},"modified":"2026-03-29T23:24:52","modified_gmt":"2026-03-29T21:24:52","slug":"paradiznik-san-marzano-2","status":"publish","type":"product","link":"https:\/\/paradiznik.si\/de\/produkt\/paradiznik-san-marzano-2\/","title":{"rendered":"Tomaten \u2013 San Marzano 2"},"content":{"rendered":"<p data-start=\"203\" data-end=\"520\"><strong data-start=\"203\" data-end=\"220\">San Marzano 2<\/strong> ist wahrscheinlich die bekannteste paradi\u017enika-Variet\u00e4t der Welt; sie ist bekannt f\u00fcr <strong data-start=\"273\" data-end=\"308\">l\u00e4ngliche, fleischige Fr\u00fcchte<\/strong> mit wenigen Samen, ideal f\u00fcr die Zubereitung <strong data-start=\"349\" data-end=\"394\">k\u00f6stliche Saucen, paradi\u017enik-Konzentrate<\/strong> Und <strong data-start=\"398\" data-end=\"409\">Trocknung<\/strong>.<\/p>\n<p data-start=\"522\" data-end=\"923\">Die Pflanze ist <strong data-start=\"534\" data-end=\"551\">mittel \u00fcppig<\/strong>, erreicht eine H\u00f6he von etwa <strong data-start=\"573\" data-end=\"584\">1,5\u20132 m<\/strong>, Daher ben\u00f6tigt es <strong data-start=\"601\" data-end=\"610\">Unterst\u00fctzung<\/strong> Und <strong data-start=\"614\" data-end=\"650\">regelm\u00e4\u00dfiges Entfernen der Bl\u00e4tter<\/strong>. Die Fr\u00fcchte sind <strong data-start=\"663\" data-end=\"685\">leuchtend rote Farbe<\/strong>, ungef\u00e4hr 10\u201312 cm lang, mit <strong data-start=\"715\" data-end=\"739\">dicke fleischige Wand<\/strong> und ein au\u00dfergew\u00f6hnliches Aroma. Die Sorte ist <strong data-start=\"767\" data-end=\"784\">mittel bis sp\u00e4t<\/strong> und geeignet f\u00fcr beide <strong data-start=\"805\" data-end=\"827\">Freilandanbau<\/strong> wie in <strong data-start=\"834\" data-end=\"850\">Gew\u00e4chsh\u00e4user<\/strong>. Es zeichnet sich aus durch <strong data-start=\"864\" data-end=\"894\">gute Krankheitsresistenz<\/strong> Und <strong data-start=\"898\" data-end=\"920\">gleichm\u00e4\u00dfige Reifung<\/strong>.<\/p>","protected":false},"excerpt":{"rendered":"<ul>\n<li><strong data-start=\"962\" data-end=\"981\">Wissenschaftlicher Name:<\/strong> <em data-start=\"982\" data-end=\"1004\">Solanum lycopersicum<br \/>\n<\/em><\/li>\n<li><strong data-start=\"1007\" data-end=\"1017\">Farbe:<\/strong> Rot<\/li>\n<li><strong data-start=\"1026\" data-end=\"1042\">Reifungszeit:<\/strong> Mittel bis sp\u00e4t<\/li>\n<li><strong data-start=\"1059\" data-end=\"1072\">Menge: <\/strong>10 \u2013 20 Samen<\/li>\n<li><strong data-start=\"1076\" data-end=\"1085\">Wachstum:<\/strong> Unbestimmt (gro\u00df, ben\u00f6tigt Unterst\u00fctzung)<\/li>\n<\/ul>","protected":false},"featured_media":3802,"template":"","meta":{"_mo_disable_npp":""},"product_brand":[],"product_cat":[72,71],"product_tag":[],"class_list":{"0":"post-3858","1":"product","2":"type-product","3":"status-publish","4":"has-post-thumbnail","6":"product_cat-paradizniki","7":"product_cat-semena","8":"pa_barva-rdeca","9":"pa_cas-zorenja-pozno","11":"first","12":"instock","13":"shipping-taxable","14":"purchasable","15":"product-type-simple"},"_links":{"self":[{"href":"https:\/\/paradiznik.si\/de\/wp-json\/wp\/v2\/product\/3858","targetHints":{"allow":["GET"]}}],"collection":[{"href":"https:\/\/paradiznik.si\/de\/wp-json\/wp\/v2\/product"}],"about":[{"href":"https:\/\/paradiznik.si\/de\/wp-json\/wp\/v2\/types\/product"}],"wp:featuredmedia":[{"embeddable":true,"href":"https:\/\/paradiznik.si\/de\/wp-json\/wp\/v2\/media\/3802"}],"wp:attachment":[{"href":"https:\/\/paradiznik.si\/de\/wp-json\/wp\/v2\/media?parent=3858"}],"wp:term":[{"taxonomy":"product_brand","embeddable":true,"href":"https:\/\/paradiznik.si\/de\/wp-json\/wp\/v2\/product_brand?post=3858"},{"taxonomy":"product_cat","embeddable":true,"href":"https:\/\/paradiznik.si\/de\/wp-json\/wp\/v2\/product_cat?post=3858"},{"taxonomy":"product_tag","embeddable":true,"href":"https:\/\/paradiznik.si\/de\/wp-json\/wp\/v2\/product_tag?post=3858"}],"curies":[{"name":"wp","href":"https:\/\/api.w.org\/{rel}","templated":true}]}}