{"id":3844,"date":"2024-01-17T14:05:01","date_gmt":"2024-01-17T13:05:01","guid":{"rendered":"https:\/\/paradiznik.si\/izdelek\/paradiznik-volovsko-srce\/"},"modified":"2026-03-25T16:27:36","modified_gmt":"2026-03-25T15:27:36","slug":"paradiznik-volovsko-srce","status":"publish","type":"product","link":"https:\/\/paradiznik.si\/de\/produkt\/paradiznik-volovsko-srce\/","title":{"rendered":"Tomate \u2013 Ochsenherz"},"content":{"rendered":"<p data-start=\"261\" data-end=\"656\"><strong data-start=\"261\" data-end=\"289\">Ochsenherztomate<\/strong> (Italienisch <em data-start=\"303\" data-end=\"316\">Ochsenherz<\/em>) ist eines der <strong data-start=\"331\" data-end=\"383\">die beliebtesten klassischen Sorten paradi\u017enika<\/strong>, bekannt f\u00fcr seine <strong data-start=\"401\" data-end=\"431\">gro\u00dfe, fleischige Fr\u00fcchte<\/strong> Und <strong data-start=\"435\" data-end=\"469\">extrem s\u00fc\u00df, reichhaltiger Geschmack<\/strong>. Die Fr\u00fcchte sind <strong data-start=\"482\" data-end=\"499\">herzf\u00f6rmig<\/strong>, Sie k\u00f6nnen mehr als 500 g wiegen, ihre <strong data-start=\"543\" data-end=\"562\">fleischiger Kern<\/strong> Und <strong data-start=\"566\" data-end=\"582\">d\u00fcnne Haut<\/strong> wodurch sie ideal sind f\u00fcr <strong data-start=\"607\" data-end=\"632\">Salate, frische Verwendung<\/strong> Und <strong data-start=\"636\" data-end=\"653\">Saucen zubereiten<\/strong>.<\/p>\n<p data-start=\"658\" data-end=\"845\">Die Pflanze ist <strong data-start=\"670\" data-end=\"707\">unbestimmt (ben\u00f6tigt Unterst\u00fctzung)<\/strong>, \u00fcppiges Wachstum und zuverl\u00e4ssige Fruchtbarkeit. Die Sorte ist <strong data-start=\"754\" data-end=\"771\">mittel bis sp\u00e4t<\/strong>, Gedeiht sowohl im Gew\u00e4chshaus als auch im Freien an w\u00e4rmeren Standorten gut.<\/p>","protected":false},"excerpt":{"rendered":"<ul>\n<li data-start=\"879\" data-end=\"923\"><strong data-start=\"879\" data-end=\"898\">Wissenschaftlicher Name:<\/strong> <em data-start=\"899\" data-end=\"921\">Solanum lycopersicum<\/em><\/li>\n<li data-start=\"926\" data-end=\"944\"><strong data-start=\"926\" data-end=\"936\">Farbe:<\/strong> Rot<\/li>\n<li data-start=\"947\" data-end=\"979\"><strong data-start=\"947\" data-end=\"963\">Reifungszeit:<\/strong> Mittel bis sp\u00e4t<\/li>\n<li data-start=\"982\" data-end=\"1009\"><strong data-start=\"982\" data-end=\"995\">Menge:<\/strong> 10-20 Samen<\/li>\n<li data-start=\"1012\" data-end=\"1057\"><strong data-start=\"1012\" data-end=\"1021\">Wachstum:<\/strong> Unbestimmt (Unterst\u00fctzung erforderlich)<\/li>\n<\/ul>\n<p><span style=\"color: #ff0000\"><strong>F\u00fcr professionelle Anwender sind auch gr\u00f6\u00dfere Packungen (\u00fcber 100 Samen) erh\u00e4ltlich. Weitere Informationen und eine Preisliste erhalten Sie unter info@paradiznik.si oder +39 051 844 794.<\/strong><\/span><\/p>","protected":false},"featured_media":6696,"template":"","meta":{"_mo_disable_npp":""},"product_brand":[],"product_cat":[72,131,71],"product_tag":[],"class_list":{"0":"post-3844","1":"product","2":"type-product","3":"status-publish","4":"has-post-thumbnail","6":"product_cat-paradizniki","7":"product_cat-profesionalna-semena","8":"product_cat-semena","9":"pa_barva-rdeca","10":"pa_cas-zorenja-pozno","11":"pa_cas-zorenja-sredi-sezone","12":"pa_kolicina-semna-10-g","13":"pa_kolicina-semna-100-g","14":"pa_kolicina-semna-majhno-pakiranje","16":"first","17":"outofstock","18":"shipping-taxable","19":"purchasable","20":"product-type-simple"},"_links":{"self":[{"href":"https:\/\/paradiznik.si\/de\/wp-json\/wp\/v2\/product\/3844","targetHints":{"allow":["GET"]}}],"collection":[{"href":"https:\/\/paradiznik.si\/de\/wp-json\/wp\/v2\/product"}],"about":[{"href":"https:\/\/paradiznik.si\/de\/wp-json\/wp\/v2\/types\/product"}],"wp:featuredmedia":[{"embeddable":true,"href":"https:\/\/paradiznik.si\/de\/wp-json\/wp\/v2\/media\/6696"}],"wp:attachment":[{"href":"https:\/\/paradiznik.si\/de\/wp-json\/wp\/v2\/media?parent=3844"}],"wp:term":[{"taxonomy":"product_brand","embeddable":true,"href":"https:\/\/paradiznik.si\/de\/wp-json\/wp\/v2\/product_brand?post=3844"},{"taxonomy":"product_cat","embeddable":true,"href":"https:\/\/paradiznik.si\/de\/wp-json\/wp\/v2\/product_cat?post=3844"},{"taxonomy":"product_tag","embeddable":true,"href":"https:\/\/paradiznik.si\/de\/wp-json\/wp\/v2\/product_tag?post=3844"}],"curies":[{"name":"wp","href":"https:\/\/api.w.org\/{rel}","templated":true}]}}