{"id":3835,"date":"2024-01-17T14:05:01","date_gmt":"2024-01-17T13:05:01","guid":{"rendered":"https:\/\/paradiznik.si\/izdelek\/paradiznik-orange-banana\/"},"modified":"2026-03-24T08:35:52","modified_gmt":"2026-03-24T07:35:52","slug":"paradiznik-orange-banana","status":"publish","type":"product","link":"https:\/\/paradiznik.si\/de\/produkt\/paradiznik-orange-banana\/","title":{"rendered":"Tomaten - Orange Banane"},"content":{"rendered":"<p data-start=\"146\" data-end=\"360\"><strong data-start=\"146\" data-end=\"163\">Orange Banane<\/strong> ist eine mittelgro\u00dfe, sehr ertragreiche Sorte von paradi\u017enika, die bekannt ist f\u00fcr ihre <strong data-start=\"228\" data-end=\"259\">charakteristische l\u00e4ngliche Form<\/strong>, die einer Banane \u00e4hnelt, und <strong data-start=\"287\" data-end=\"315\">intensive orange Farbe<\/strong>. Es hat seinen Namen von dieser ungew\u00f6hnlichen Form.<\/p>\n<p data-start=\"362\" data-end=\"640\">Das Besondere an dieser Sorte ist, dass <strong data-start=\"391\" data-end=\"449\">Die orange Farbe ist bei Pelati des Typs paradi\u017enikih nicht \u00fcblich.<\/strong>, was es <strong data-start=\"465\" data-end=\"524\">\u00e4u\u00dferst interessant f\u00fcr G\u00e4rtner und K\u00f6che.<\/strong>. Die Fr\u00fcchte sind <strong data-start=\"537\" data-end=\"555\">s\u00fc\u00dfer Geschmack<\/strong>, fest und sowohl f\u00fcr den Frischverzehr als auch f\u00fcr die Weiterverarbeitung zu So\u00dfen oder zum Trocknen geeignet.<\/p>\n<p data-start=\"642\" data-end=\"774\">Wegen deiner <strong data-start=\"655\" data-end=\"698\">hohe Fruchtbarkeit und dekoratives Aussehen<\/strong> Orange Banana ist eine echte Attraktion in jedem Garten und auch auf dem Teller ein echter Hingucker.<\/p>","protected":false},"excerpt":{"rendered":"<ul>\n<li data-start=\"797\" data-end=\"843\">\n<p data-start=\"799\" data-end=\"843\"><strong data-start=\"799\" data-end=\"818\">Wissenschaftlicher Name:<\/strong> <em data-start=\"819\" data-end=\"841\">Solanum lycopersicum<\/em><\/p>\n<\/li>\n<li data-start=\"844\" data-end=\"866\">\n<p data-start=\"846\" data-end=\"866\"><strong data-start=\"846\" data-end=\"856\">Farbe:<\/strong> Orange<\/p>\n<\/li>\n<li data-start=\"867\" data-end=\"895\">\n<p data-start=\"869\" data-end=\"895\"><strong data-start=\"869\" data-end=\"885\">Reifungszeit:<\/strong> Medium<\/p>\n<\/li>\n<li data-start=\"896\" data-end=\"913\">\n<p data-start=\"898\" data-end=\"913\"><strong data-start=\"898\" data-end=\"911\">Menge: 10 \u2013 20 Samen<\/strong><\/p>\n<\/li>\n<li data-start=\"914\" data-end=\"959\">\n<p data-start=\"916\" data-end=\"959\"><strong data-start=\"916\" data-end=\"925\">Wachstum:<\/strong> Unbestimmt (ben\u00f6tigt Unterst\u00fctzung).<\/p>\n<\/li>\n<\/ul>","protected":false},"featured_media":3786,"template":"","meta":{"_mo_disable_npp":""},"product_brand":[],"product_cat":[72,71],"product_tag":[],"class_list":{"0":"post-3835","1":"product","2":"type-product","3":"status-publish","4":"has-post-thumbnail","6":"product_cat-paradizniki","7":"product_cat-semena","8":"pa_barva-oranzna","9":"pa_cas-zorenja-sredi-sezone","11":"first","12":"instock","13":"featured","14":"shipping-taxable","15":"purchasable","16":"product-type-simple"},"_links":{"self":[{"href":"https:\/\/paradiznik.si\/de\/wp-json\/wp\/v2\/product\/3835","targetHints":{"allow":["GET"]}}],"collection":[{"href":"https:\/\/paradiznik.si\/de\/wp-json\/wp\/v2\/product"}],"about":[{"href":"https:\/\/paradiznik.si\/de\/wp-json\/wp\/v2\/types\/product"}],"wp:featuredmedia":[{"embeddable":true,"href":"https:\/\/paradiznik.si\/de\/wp-json\/wp\/v2\/media\/3786"}],"wp:attachment":[{"href":"https:\/\/paradiznik.si\/de\/wp-json\/wp\/v2\/media?parent=3835"}],"wp:term":[{"taxonomy":"product_brand","embeddable":true,"href":"https:\/\/paradiznik.si\/de\/wp-json\/wp\/v2\/product_brand?post=3835"},{"taxonomy":"product_cat","embeddable":true,"href":"https:\/\/paradiznik.si\/de\/wp-json\/wp\/v2\/product_cat?post=3835"},{"taxonomy":"product_tag","embeddable":true,"href":"https:\/\/paradiznik.si\/de\/wp-json\/wp\/v2\/product_tag?post=3835"}],"curies":[{"name":"wp","href":"https:\/\/api.w.org\/{rel}","templated":true}]}}