{"id":3822,"date":"2024-01-17T14:04:57","date_gmt":"2024-01-17T13:04:57","guid":{"rendered":"https:\/\/paradiznik.si\/izdelek\/paradiznik-black-cherry\/"},"modified":"2026-03-27T18:30:49","modified_gmt":"2026-03-27T17:30:49","slug":"paradiznik-black-cherry","status":"publish","type":"product","link":"https:\/\/paradiznik.si\/de\/produkt\/paradiznik-black-cherry\/","title":{"rendered":"Tomaten \u2013 Schwarze Kirsche"},"content":{"rendered":"<p data-start=\"142\" data-end=\"205\"><strong data-start=\"142\" data-end=\"205\">Schwarze Kirschtomaten \u2013 reichhaltiger Geschmack in einer kleinen, dunklen Kirsche<\/strong><\/p>\n<p data-start=\"207\" data-end=\"556\"><strong data-start=\"207\" data-end=\"223\">Schwarze Kirsche<\/strong> ist beliebt <strong data-start=\"240\" data-end=\"289\">alte Kirschsorte paradi\u017enika<\/strong>, bekannt f\u00fcr seine <strong data-start=\"307\" data-end=\"338\">au\u00dfergew\u00f6hnlicher, komplexer Geschmack<\/strong> und charakteristisch <strong data-start=\"351\" data-end=\"382\">dunkelviolett-braune Farbe<\/strong> Fr\u00fcchte. Es zeichnet sich aus durch <strong data-start=\"403\" data-end=\"432\">hoher Zuckergehalt<\/strong> mit genau dem richtigen S\u00e4uregehalt, der erzeugt <strong data-start=\"477\" data-end=\"517\">intensiver, ausgewogener und voller Geschmack<\/strong>, die an alte, klassische Sorten erinnern.<\/p>\n<p data-start=\"558\" data-end=\"755\"><strong data-start=\"558\" data-end=\"571\">Anlage:<\/strong><br data-start=\"571\" data-end=\"574\" \/>Es geht um <strong data-start=\"581\" data-end=\"606\">unbestimmte Sorte<\/strong>, welche <strong data-start=\"611\" data-end=\"630\">w\u00e4chst unbegrenzt<\/strong> und ben\u00f6tigt zuverl\u00e4ssige Unterst\u00fctzung. Die Anlage ist <strong data-start=\"674\" data-end=\"707\">sehr \u00fcppig, gesund und widerstandsf\u00e4hig<\/strong>, Es funktioniert also auch in l\u00e4ngeren Jahreszeiten hervorragend.<\/p>\n<p data-start=\"757\" data-end=\"1095\"><strong data-start=\"757\" data-end=\"769\">Fr\u00fcchte:<\/strong><br data-start=\"769\" data-end=\"772\" \/>Die Fr\u00fcchte sind <strong data-start=\"783\" data-end=\"802\">klein, rund<\/strong> (kirschf\u00f6rmig), wiegen durchschnittlich <strong data-start=\"840\" data-end=\"851\">15\u201320 g<\/strong>. Die Farbe reifer Fr\u00fcchte ist <strong data-start=\"879\" data-end=\"921\">Dunkelrotbraun mit einem Hauch von Lila<\/strong>, Dies tr\u00e4gt neben einem hervorragenden Geschmack auch zu einem \u00e4sthetischen Mehrwert bei. Fr\u00fcchte <strong data-start=\"982\" data-end=\"1002\">Sie brechen nicht so leicht<\/strong> und sie sind <strong data-start=\"1009\" data-end=\"1057\">hervorragend geeignet f\u00fcr die Langzeitlagerung<\/strong>, was bei Kirschsorten selten ist.<\/p>\n<p data-start=\"1097\" data-end=\"1324\"><strong data-start=\"1097\" data-end=\"1109\">Verwendung:<\/strong><br data-start=\"1109\" data-end=\"1112\" \/>Ideal f\u00fcr <strong data-start=\"1123\" data-end=\"1157\">Snacks, Salate, kalte Gerichte<\/strong> und als Erg\u00e4nzung zu K\u00e4se oder Snacks auf Partys.<\/p>","protected":false},"excerpt":{"rendered":"<ul>\n<li data-start=\"1345\" data-end=\"1391\">\n<p data-start=\"1347\" data-end=\"1391\"><strong data-start=\"1347\" data-end=\"1366\">Wissenschaftlicher Name:<\/strong> <em data-start=\"1367\" data-end=\"1389\">Solanum lycopersicum<\/em><\/p>\n<\/li>\n<li data-start=\"1392\" data-end=\"1446\">\n<p data-start=\"1394\" data-end=\"1446\"><strong data-start=\"1394\" data-end=\"1404\">Farbe:<\/strong> Dunkelrotbraun mit violettem Schimmer<\/p>\n<\/li>\n<li data-start=\"1447\" data-end=\"1475\">\n<p data-start=\"1449\" data-end=\"1475\"><strong data-start=\"1449\" data-end=\"1465\">Reifungszeit:<\/strong> Medium<\/p>\n<\/li>\n<li data-start=\"1476\" data-end=\"1493\">\n<p data-start=\"1478\" data-end=\"1493\"><strong data-start=\"1478\" data-end=\"1491\">Menge der Samen in einer kleinen Packung: 10 - 20 Samen.<\/strong><\/p>\n<\/li>\n<li data-start=\"1494\" data-end=\"1539\">\n<p data-start=\"1496\" data-end=\"1539\"><strong data-start=\"1496\" data-end=\"1505\">Wachstum:<\/strong> Unbestimmt (Unterst\u00fctzung erforderlich)<\/p>\n<\/li>\n<li data-start=\"1494\" data-end=\"1539\"><strong>1 g = 250 \u2013 350 Samen<\/strong><\/li>\n<\/ul>","protected":false},"featured_media":3750,"template":"","meta":{"_mo_disable_npp":""},"product_brand":[],"product_cat":[72,71],"product_tag":[],"class_list":{"0":"post-3822","1":"product","2":"type-product","3":"status-publish","4":"has-post-thumbnail","6":"product_cat-paradizniki","7":"product_cat-semena","8":"pa_barva-rdeca","9":"pa_barva-rjava","10":"pa_cas-zorenja-sredi-sezone","11":"pa_kolicina-semna-10-g","12":"pa_kolicina-semna-100-g","13":"pa_kolicina-semna-majhno-pakiranje","15":"first","16":"instock","17":"shipping-taxable","18":"purchasable","19":"product-type-simple"},"_links":{"self":[{"href":"https:\/\/paradiznik.si\/de\/wp-json\/wp\/v2\/product\/3822","targetHints":{"allow":["GET"]}}],"collection":[{"href":"https:\/\/paradiznik.si\/de\/wp-json\/wp\/v2\/product"}],"about":[{"href":"https:\/\/paradiznik.si\/de\/wp-json\/wp\/v2\/types\/product"}],"wp:featuredmedia":[{"embeddable":true,"href":"https:\/\/paradiznik.si\/de\/wp-json\/wp\/v2\/media\/3750"}],"wp:attachment":[{"href":"https:\/\/paradiznik.si\/de\/wp-json\/wp\/v2\/media?parent=3822"}],"wp:term":[{"taxonomy":"product_brand","embeddable":true,"href":"https:\/\/paradiznik.si\/de\/wp-json\/wp\/v2\/product_brand?post=3822"},{"taxonomy":"product_cat","embeddable":true,"href":"https:\/\/paradiznik.si\/de\/wp-json\/wp\/v2\/product_cat?post=3822"},{"taxonomy":"product_tag","embeddable":true,"href":"https:\/\/paradiznik.si\/de\/wp-json\/wp\/v2\/product_tag?post=3822"}],"curies":[{"name":"wp","href":"https:\/\/api.w.org\/{rel}","templated":true}]}}