{"id":3817,"date":"2024-01-17T14:04:57","date_gmt":"2024-01-17T13:04:57","guid":{"rendered":"https:\/\/paradiznik.si\/izdelek\/paradiznik-black-krim\/"},"modified":"2026-03-27T11:27:50","modified_gmt":"2026-03-27T10:27:50","slug":"paradiznik-xanadu-green-goddess","status":"publish","type":"product","link":"https:\/\/paradiznik.si\/de\/produkt\/paradiznik-xanadu-green-goddess\/","title":{"rendered":"Tomate \u2013 Xanadu Gr\u00fcne G\u00f6ttin"},"content":{"rendered":"<p data-start=\"144\" data-end=\"219\"><strong data-start=\"144\" data-end=\"219\">Xanadu Green Goddess Tomate \u2013 eine Sammlersorte mit blaugr\u00fcnen Fr\u00fcchten<\/strong><\/p>\n<p data-start=\"221\" data-end=\"487\">Xanadu Green Goddess ist selten., <strong data-start=\"250\" data-end=\"272\">Sammlervariante<\/strong>, was sich als Folge davon ergab <strong data-start=\"301\" data-end=\"334\">spontane nat\u00fcrliche Kreuzung<\/strong>. Jahre <strong data-start=\"341\" data-end=\"386\">Entdeckt in den USA im Jahr 2014 von Tricia Rosamilia<\/strong>, und ist seither bei Fans von ungew\u00f6hnlichen und optisch beeindruckenden paradi\u017eniks sehr beliebt.<\/p>\n<p data-start=\"489\" data-end=\"651\"><strong data-start=\"489\" data-end=\"502\">Anlage:<\/strong><br data-start=\"502\" data-end=\"505\" \/>Es geht um <strong data-start=\"512\" data-end=\"557\">unbestimmte (unbegrenzt wachsende) Sorte<\/strong>, Die Pflanze ben\u00f6tigt Unterst\u00fctzung und regelm\u00e4\u00dfiges Stutzen. Sie w\u00e4chst kr\u00e4ftig und tr\u00e4gt mittelfr\u00fch Fr\u00fcchte.<\/p>\n<p data-start=\"653\" data-end=\"956\"><strong data-start=\"653\" data-end=\"665\">Fr\u00fcchte:<\/strong><br data-start=\"665\" data-end=\"668\" \/>Tomaten wiegen <strong data-start=\"688\" data-end=\"701\">150\u2013200 g<\/strong>, Sind <strong data-start=\"706\" data-end=\"769\">gr\u00fcn in der Farbe mit ausgepr\u00e4gten blauen (Anthocyanin-) Farbt\u00f6nen<\/strong>, Diese Farben werden durch Sonneneinstrahlung noch verst\u00e4rkt. Die Farbkombination ist \u00e4u\u00dferst attraktiv und selten. Der Geschmack ist <strong data-start=\"874\" data-end=\"916\">intensiv, reichhaltig und leicht w\u00fcrzig<\/strong>, aber mit zunehmender Reife <strong data-start=\"937\" data-end=\"955\">milder werden<\/strong>.<\/p>\n<p data-start=\"958\" data-end=\"1178\"><strong data-start=\"958\" data-end=\"970\">Verwendung:<\/strong><br data-start=\"970\" data-end=\"973\" \/>Die Sorte eignet sich besonders f\u00fcr <strong data-start=\"1003\" data-end=\"1020\">frische Verwendung<\/strong>, Dank seines ansprechenden Aussehens eignet es sich auch hervorragend f\u00fcr kulinarische Pr\u00e4sentationen oder besondere Teller. Die richtige Wahl f\u00fcr alle, die etwas Besonderes und optisch Eindrucksvolles suchen.<\/p>","protected":false},"excerpt":{"rendered":"<ul>\n<li><strong>Wissenschaftlicher Name:<\/strong> Solanum lycopersicum<\/li>\n<li><strong>Farbe: <\/strong>Schwarz, Gr\u00fcn, Gelb<\/li>\n<li><strong>Reifungszeit: <\/strong>Zwischensaison<\/li>\n<li><strong>Menge:<\/strong> 10 Samen<\/li>\n<li><strong>Sammlervariante<\/strong><\/li>\n<\/ul>","protected":false},"featured_media":4803,"template":"","meta":{"_mo_disable_npp":""},"product_brand":[],"product_cat":[127,72,71],"product_tag":[],"class_list":{"0":"post-3817","1":"product","2":"type-product","3":"status-publish","4":"has-post-thumbnail","6":"product_cat-novo","7":"product_cat-paradizniki","8":"product_cat-semena","9":"pa_barva-modra-indigo","10":"pa_barva-rumena","11":"pa_barva-vecbarvno","12":"pa_barva-zelena","13":"pa_cas-zorenja-sredi-sezone","15":"first","16":"instock","17":"shipping-taxable","18":"purchasable","19":"product-type-simple"},"_links":{"self":[{"href":"https:\/\/paradiznik.si\/de\/wp-json\/wp\/v2\/product\/3817","targetHints":{"allow":["GET"]}}],"collection":[{"href":"https:\/\/paradiznik.si\/de\/wp-json\/wp\/v2\/product"}],"about":[{"href":"https:\/\/paradiznik.si\/de\/wp-json\/wp\/v2\/types\/product"}],"wp:featuredmedia":[{"embeddable":true,"href":"https:\/\/paradiznik.si\/de\/wp-json\/wp\/v2\/media\/4803"}],"wp:attachment":[{"href":"https:\/\/paradiznik.si\/de\/wp-json\/wp\/v2\/media?parent=3817"}],"wp:term":[{"taxonomy":"product_brand","embeddable":true,"href":"https:\/\/paradiznik.si\/de\/wp-json\/wp\/v2\/product_brand?post=3817"},{"taxonomy":"product_cat","embeddable":true,"href":"https:\/\/paradiznik.si\/de\/wp-json\/wp\/v2\/product_cat?post=3817"},{"taxonomy":"product_tag","embeddable":true,"href":"https:\/\/paradiznik.si\/de\/wp-json\/wp\/v2\/product_tag?post=3817"}],"curies":[{"name":"wp","href":"https:\/\/api.w.org\/{rel}","templated":true}]}}