{"id":3720,"date":"2024-01-16T16:04:19","date_gmt":"2024-01-16T15:04:19","guid":{"rendered":"https:\/\/paradiznik.si\/izdelek\/cili-jalapeno-ruben\/"},"modified":"2026-04-07T22:22:47","modified_gmt":"2026-04-07T20:22:47","slug":"cili-jalapeno-ruben","status":"publish","type":"product","link":"https:\/\/paradiznik.si\/de\/produkt\/cili-jalapeno-ruben\/","title":{"rendered":"Chili-Jalapeno-Reuben"},"content":{"rendered":"<p>Chili <strong data-start=\"3896\" data-end=\"3914\">Jalape\u00f1o Ruben<\/strong> (Capsicum annuum) ist eine sehr ertragreiche Jalape\u00f1o-Sorte mit <strong data-start=\"3968\" data-end=\"3991\">dicke Fruchtwand<\/strong>, Die etwa 7 cm lange Schote reift von Gr\u00fcn nach Rot. Sie hat eine angenehme, mittlere Sch\u00e4rfe (etwa 8.000\u201320.000 SHU) und ist \u00e4u\u00dferst beliebt f\u00fcr <strong data-start=\"4138\" data-end=\"4193\">Einlegen, Grillen, F\u00fcllen oder frisch verwenden<\/strong> in Salsas.<\/p>","protected":false},"excerpt":{"rendered":"<ul>\n<li data-start=\"4270\" data-end=\"4309\">\n<p data-start=\"4272\" data-end=\"4309\"><strong data-start=\"4272\" data-end=\"4291\">Wissenschaftlicher Name:<\/strong> Capsicum annuum<\/p>\n<\/li>\n<li data-start=\"4310\" data-end=\"4339\">\n<p data-start=\"4312\" data-end=\"4339\"><strong data-start=\"4312\" data-end=\"4322\">Farbe:<\/strong> gr\u00fcn, rot<\/p>\n<\/li>\n<li data-start=\"4340\" data-end=\"4368\">\n<p data-start=\"4342\" data-end=\"4368\"><strong data-start=\"4342\" data-end=\"4358\">Reifungszeit:<\/strong> mittel<\/p>\n<\/li>\n<li data-start=\"4369\" data-end=\"4386\">\n<p data-start=\"4371\" data-end=\"4386\"><strong data-start=\"4371\" data-end=\"4384\">Menge: <\/strong>10 \u2013 20 Samen<\/p>\n<\/li>\n<li data-start=\"4387\" data-end=\"4430\">\n<p data-start=\"4389\" data-end=\"4430\"><strong data-start=\"4389\" data-end=\"4409\">Pflanzenh\u00f6he:<\/strong> etwa 60\u201370 cm<\/p>\n<\/li>\n<li data-start=\"4431\" data-end=\"4468\">\n<p data-start=\"4433\" data-end=\"4468\"><strong data-start=\"4433\" data-end=\"4443\">Herkunft:<\/strong> Mexikanisch\/Europ\u00e4ischer Hybrid<\/p>\n<\/li>\n<li data-start=\"4469\" data-end=\"4528\">\n<p data-start=\"4471\" data-end=\"4528\"><strong data-start=\"4471\" data-end=\"4479\">SHU:<\/strong> etwa 8.000\u201320.000<\/p>\n<\/li>\n<\/ul>","protected":false},"featured_media":6726,"template":"","meta":{"_mo_disable_npp":""},"product_brand":[],"product_cat":[92,74,156,71],"product_tag":[],"class_list":{"0":"post-3720","1":"product","2":"type-product","3":"status-publish","4":"has-post-thumbnail","6":"product_cat-capsicum-annuum","7":"product_cat-ciliji","8":"product_cat-slovenija","9":"product_cat-semena","11":"first","12":"instock","13":"shipping-taxable","14":"purchasable","15":"product-type-simple"},"_links":{"self":[{"href":"https:\/\/paradiznik.si\/de\/wp-json\/wp\/v2\/product\/3720","targetHints":{"allow":["GET"]}}],"collection":[{"href":"https:\/\/paradiznik.si\/de\/wp-json\/wp\/v2\/product"}],"about":[{"href":"https:\/\/paradiznik.si\/de\/wp-json\/wp\/v2\/types\/product"}],"wp:featuredmedia":[{"embeddable":true,"href":"https:\/\/paradiznik.si\/de\/wp-json\/wp\/v2\/media\/6726"}],"wp:attachment":[{"href":"https:\/\/paradiznik.si\/de\/wp-json\/wp\/v2\/media?parent=3720"}],"wp:term":[{"taxonomy":"product_brand","embeddable":true,"href":"https:\/\/paradiznik.si\/de\/wp-json\/wp\/v2\/product_brand?post=3720"},{"taxonomy":"product_cat","embeddable":true,"href":"https:\/\/paradiznik.si\/de\/wp-json\/wp\/v2\/product_cat?post=3720"},{"taxonomy":"product_tag","embeddable":true,"href":"https:\/\/paradiznik.si\/de\/wp-json\/wp\/v2\/product_tag?post=3720"}],"curies":[{"name":"wp","href":"https:\/\/api.w.org\/{rel}","templated":true}]}}