{"id":3691,"date":"2024-01-16T16:04:16","date_gmt":"2024-01-16T15:04:16","guid":{"rendered":"https:\/\/paradiznik.si\/izdelek\/cili-tricolor\/"},"modified":"2026-03-17T15:40:17","modified_gmt":"2026-03-17T14:40:17","slug":"cili-tricolor","status":"publish","type":"product","link":"https:\/\/paradiznik.si\/de\/produkt\/cili-tricolor\/","title":{"rendered":"Chili \u2013 Tricolor"},"content":{"rendered":"<p data-start=\"198\" data-end=\"480\">Chili <strong data-start=\"203\" data-end=\"217\">\u201cTrikolore\u201d<\/strong> Ist <strong data-start=\"221\" data-end=\"250\">\u00e4u\u00dferst dekorative Sorte<\/strong>, was beeindruckt mit <strong data-start=\"267\" data-end=\"299\">atemberaubende Farb\u00fcberg\u00e4nge<\/strong> Fr\u00fcchte und Bl\u00e4tter. W\u00e4hrend sie reifen, ver\u00e4ndern die Fr\u00fcchte allm\u00e4hlich ihre Farbe von <strong data-start=\"370\" data-end=\"380\">Gr\u00fcn<\/strong> v <strong data-start=\"383\" data-end=\"393\">Gelb<\/strong> und dann in <strong data-start=\"404\" data-end=\"418\">leuchtend rot<\/strong>, Dadurch entsteht ein wundersch\u00f6ner Farbkontrast an einer einzelnen Pflanze.<\/p>\n<p data-start=\"482\" data-end=\"747\">Die Bl\u00e4tter sind auch <strong data-start=\"496\" data-end=\"509\">mehrfarbig<\/strong> \u2013 mit Schattierungen <strong data-start=\"522\" data-end=\"551\">lila, gr\u00fcn und wei\u00df<\/strong>, was der Pflanze <strong data-start=\"571\" data-end=\"599\">besonderer Zierwert<\/strong>. Aufgrund seiner Farbenpracht ist \u201cTricolor\u201d eine perfekte Wahl f\u00fcr <strong data-start=\"657\" data-end=\"694\">G\u00e4rten, Balkone und Fensterb\u00e4nke<\/strong>, wo es wie ein wahres Naturkunstwerk die Blicke auf sich zieht.<\/p>\n<p data-start=\"749\" data-end=\"958\">Es schmeckt wie \u201cTricolor\u201d.\u201d <strong data-start=\"772\" data-end=\"788\">m\u00e4\u00dfig hei\u00df<\/strong>\u00a0was ein angenehmes Gleichgewicht bedeutet zwischen <strong data-start=\"859\" data-end=\"880\">W\u00fcrze und Aroma<\/strong>.<\/p>","protected":false},"excerpt":{"rendered":"<ul>\n<li data-start=\"2034\" data-end=\"2073\">\n<p data-start=\"2036\" data-end=\"2073\"><strong data-start=\"2036\" data-end=\"2055\">Wissenschaftlicher Name:<\/strong> Capsicum annuum<\/p>\n<\/li>\n<li data-start=\"2074\" data-end=\"2112\">\n<p data-start=\"2076\" data-end=\"2112\"><strong data-start=\"2076\" data-end=\"2086\">Farbe:<\/strong> gr\u00fcn, gelb, rot<\/p>\n<\/li>\n<li data-start=\"2113\" data-end=\"2141\">\n<p data-start=\"2115\" data-end=\"2141\"><strong data-start=\"2115\" data-end=\"2131\">Reifungszeit:<\/strong> mittel<\/p>\n<\/li>\n<li data-start=\"2142\" data-end=\"2159\">\n<p data-start=\"2144\" data-end=\"2159\"><strong data-start=\"2144\" data-end=\"2157\">Menge: 10 \u2013 20 Samen.<\/strong><\/p>\n<\/li>\n<li data-start=\"2160\" data-end=\"2203\">\n<p data-start=\"2162\" data-end=\"2203\"><strong data-start=\"2162\" data-end=\"2182\">Pflanzenh\u00f6he:<\/strong> etwa 60\u201370 cm<\/p>\n<\/li>\n<li data-start=\"2256\" data-end=\"2314\">\n<p data-start=\"2258\" data-end=\"2314\"><strong data-start=\"2258\" data-end=\"2266\">SHU:<\/strong> etwa 3.000\u20138.000<\/p>\n<\/li>\n<\/ul>","protected":false},"featured_media":4568,"template":"","meta":{"_mo_disable_npp":""},"product_brand":[],"product_cat":[92,74,156,71],"product_tag":[],"class_list":{"0":"post-3691","1":"product","2":"type-product","3":"status-publish","4":"has-post-thumbnail","6":"product_cat-capsicum-annuum","7":"product_cat-ciliji","8":"product_cat-slovenija","9":"product_cat-semena","11":"first","12":"instock","13":"shipping-taxable","14":"purchasable","15":"product-type-simple"},"_links":{"self":[{"href":"https:\/\/paradiznik.si\/de\/wp-json\/wp\/v2\/product\/3691","targetHints":{"allow":["GET"]}}],"collection":[{"href":"https:\/\/paradiznik.si\/de\/wp-json\/wp\/v2\/product"}],"about":[{"href":"https:\/\/paradiznik.si\/de\/wp-json\/wp\/v2\/types\/product"}],"wp:featuredmedia":[{"embeddable":true,"href":"https:\/\/paradiznik.si\/de\/wp-json\/wp\/v2\/media\/4568"}],"wp:attachment":[{"href":"https:\/\/paradiznik.si\/de\/wp-json\/wp\/v2\/media?parent=3691"}],"wp:term":[{"taxonomy":"product_brand","embeddable":true,"href":"https:\/\/paradiznik.si\/de\/wp-json\/wp\/v2\/product_brand?post=3691"},{"taxonomy":"product_cat","embeddable":true,"href":"https:\/\/paradiznik.si\/de\/wp-json\/wp\/v2\/product_cat?post=3691"},{"taxonomy":"product_tag","embeddable":true,"href":"https:\/\/paradiznik.si\/de\/wp-json\/wp\/v2\/product_tag?post=3691"}],"curies":[{"name":"wp","href":"https:\/\/api.w.org\/{rel}","templated":true}]}}