{"id":3689,"date":"2024-01-16T16:04:16","date_gmt":"2024-01-16T15:04:16","guid":{"rendered":"https:\/\/paradiznik.si\/izdelek\/cili-aci-kil-menderes\/"},"modified":"2026-03-15T00:49:06","modified_gmt":"2026-03-14T23:49:06","slug":"cili-aci-kil-menderes","status":"publish","type":"product","link":"https:\/\/paradiznik.si\/de\/produkt\/cili-aci-kil-menderes\/","title":{"rendered":"Chili \u2013 Aci Kil Menderes"},"content":{"rendered":"<p>Chili <em data-start=\"3339\" data-end=\"3357\">Aci Kil Menderes<\/em> (Capsicum annuum) ist traditionell <strong data-start=\"3393\" data-end=\"3409\">T\u00fcrkische Variante<\/strong>, bekannt f\u00fcr seine <strong data-start=\"3427\" data-end=\"3460\">lange, gedrehte, schmale Fr\u00fcchte<\/strong>, die bis zu 20 cm lang werden. Zuerst sind sie <strong data-start=\"3501\" data-end=\"3511\">Gr\u00fcn<\/strong>, und wenn sie reif sind, werden sie <strong data-start=\"3537\" data-end=\"3546\">Rot<\/strong>. Der Geschmack ist aromatisch, leicht s\u00fc\u00dflich, mit <strong data-start=\"3584\" data-end=\"3613\">milde bis mittlere Hitze<\/strong>. Wird h\u00e4ufig in der t\u00fcrkischen K\u00fcche verwendet \u2013 <strong data-start=\"3655\" data-end=\"3692\">zum Backen oder Trocknen<\/strong>. Die Pflanze ist hochw\u00fcchsig und sehr ertragreich, was sie zu einer hervorragenden Wahl f\u00fcr Liebhaber orientalischer Chilisorten macht.<\/p>","protected":false},"excerpt":{"rendered":"<ul>\n<li data-start=\"3819\" data-end=\"3858\">\n<p data-start=\"3821\" data-end=\"3858\"><strong data-start=\"3821\" data-end=\"3840\">Wissenschaftlicher Name:<\/strong> Capsicum annuum<\/p>\n<\/li>\n<li data-start=\"3859\" data-end=\"3887\">\n<p data-start=\"3861\" data-end=\"3887\"><strong data-start=\"3861\" data-end=\"3871\">Farbe:<\/strong> gr\u00fcn, rot<\/p>\n<\/li>\n<li data-start=\"3888\" data-end=\"3916\">\n<p data-start=\"3890\" data-end=\"3916\"><strong data-start=\"3890\" data-end=\"3906\">Reifungszeit:<\/strong> mittel<\/p>\n<\/li>\n<li data-start=\"3917\" data-end=\"3946\">\n<p data-start=\"3919\" data-end=\"3946\"><strong data-start=\"3919\" data-end=\"3932\">Menge:<\/strong> 10-20 Samen<\/p>\n<\/li>\n<li data-start=\"3947\" data-end=\"3990\">\n<p data-start=\"3949\" data-end=\"3990\"><strong data-start=\"3949\" data-end=\"3969\">Pflanzenh\u00f6he:<\/strong> etwa 70\u201390 cm<\/p>\n<\/li>\n<li data-start=\"3991\" data-end=\"4013\">\n<p data-start=\"3993\" data-end=\"4013\"><strong data-start=\"3993\" data-end=\"4003\">Herkunft:<\/strong> Truthahn<\/p>\n<\/li>\n<li data-start=\"4014\" data-end=\"4073\">\n<p data-start=\"4016\" data-end=\"4073\"><strong data-start=\"4016\" data-end=\"4024\">SHU:<\/strong> etwa 5.000\u201315.000<\/p>\n<\/li>\n<\/ul>","protected":false},"featured_media":6794,"template":"","meta":{"_mo_disable_npp":""},"product_brand":[],"product_cat":[92,74,156,71],"product_tag":[],"class_list":{"0":"post-3689","1":"product","2":"type-product","3":"status-publish","4":"has-post-thumbnail","6":"product_cat-capsicum-annuum","7":"product_cat-ciliji","8":"product_cat-slovenija","9":"product_cat-semena","11":"first","12":"instock","13":"shipping-taxable","14":"purchasable","15":"product-type-simple"},"_links":{"self":[{"href":"https:\/\/paradiznik.si\/de\/wp-json\/wp\/v2\/product\/3689","targetHints":{"allow":["GET"]}}],"collection":[{"href":"https:\/\/paradiznik.si\/de\/wp-json\/wp\/v2\/product"}],"about":[{"href":"https:\/\/paradiznik.si\/de\/wp-json\/wp\/v2\/types\/product"}],"wp:featuredmedia":[{"embeddable":true,"href":"https:\/\/paradiznik.si\/de\/wp-json\/wp\/v2\/media\/6794"}],"wp:attachment":[{"href":"https:\/\/paradiznik.si\/de\/wp-json\/wp\/v2\/media?parent=3689"}],"wp:term":[{"taxonomy":"product_brand","embeddable":true,"href":"https:\/\/paradiznik.si\/de\/wp-json\/wp\/v2\/product_brand?post=3689"},{"taxonomy":"product_cat","embeddable":true,"href":"https:\/\/paradiznik.si\/de\/wp-json\/wp\/v2\/product_cat?post=3689"},{"taxonomy":"product_tag","embeddable":true,"href":"https:\/\/paradiznik.si\/de\/wp-json\/wp\/v2\/product_tag?post=3689"}],"curies":[{"name":"wp","href":"https:\/\/api.w.org\/{rel}","templated":true}]}}