{"id":67,"date":"2023-09-15T19:04:11","date_gmt":"2023-09-15T17:04:11","guid":{"rendered":"https:\/\/paradiznik.si\/my-account\/"},"modified":"2024-01-31T22:40:36","modified_gmt":"2024-01-31T21:40:36","slug":"moj-racun","status":"publish","type":"page","link":"https:\/\/paradiznik.si\/de\/moj-racun\/","title":{"rendered":"Mein Konto"},"content":{"rendered":"<div data-elementor-type=\"wp-page\" data-elementor-id=\"67\" class=\"elementor elementor-67\" data-elementor-post-type=\"page\">\n\t\t\t\t<div class=\"elementor-element elementor-element-203e94a5 e-flex e-con-boxed e-con e-parent\" data-id=\"203e94a5\" data-element_type=\"container\" data-settings=\"{&quot;background_background&quot;:&quot;classic&quot;}\">\n\t\t\t\t\t<div class=\"e-con-inner\">\n\t\t\t\t<div class=\"elementor-element elementor-element-7e1e847 elementor-widget elementor-widget-heading\" data-id=\"7e1e847\" data-element_type=\"widget\" data-widget_type=\"heading.default\">\n\t\t\t\t<div class=\"elementor-widget-container\">\n\t\t\t\t\t<h1 class=\"elementor-heading-title elementor-size-default\">Mein Konto<\/h1>\t\t\t\t<\/div>\n\t\t\t\t<\/div>\n\t\t\t\t<div class=\"elementor-element elementor-element-4b94d4ff e-my-account-tabs-horizontal elementor-widget elementor-widget-woocommerce-my-account\" data-id=\"4b94d4ff\" data-element_type=\"widget\" data-widget_type=\"woocommerce-my-account.default\">\n\t\t\t\t<div class=\"elementor-widget-container\">\n\t\t\t\t\t<div class=\"e-my-account-tab e-my-account-tab__\">\t\t\t<div class=\"woocommerce\"><\/div>\t\t<\/div>\n\t\t\t\t\t\t<\/div>\n\t\t\t\t<\/div>\n\t\t\t\t\t<\/div>\n\t\t\t\t<\/div>\n\t\t\t\t<\/div>","protected":false},"excerpt":{"rendered":"<p>Moj ra\u010dun Skodelica Naro\u010dila Naslovi Nastavitve Odjava Skodelica Naro\u010dila Naslovi Nastavitve Odjava \u017divijo bizon (niste bizon? Odjava) V va\u0161i nadzorni plo\u0161\u010di ra\u010duna si lahko ogledate nedavna naro\u010dila, upravljate va\u0161e pla\u010dni\u0161ke in dostavne naslove ter urejate va\u0161e geslo in podatke ra\u010duna.<\/p>","protected":false},"author":1,"featured_media":0,"parent":0,"menu_order":0,"comment_status":"closed","ping_status":"closed","template":"elementor_header_footer","meta":{"_mo_disable_npp":"","footnotes":""},"class_list":["post-67","page","type-page","status-publish","hentry"],"_links":{"self":[{"href":"https:\/\/paradiznik.si\/de\/wp-json\/wp\/v2\/pages\/67","targetHints":{"allow":["GET"]}}],"collection":[{"href":"https:\/\/paradiznik.si\/de\/wp-json\/wp\/v2\/pages"}],"about":[{"href":"https:\/\/paradiznik.si\/de\/wp-json\/wp\/v2\/types\/page"}],"author":[{"embeddable":true,"href":"https:\/\/paradiznik.si\/de\/wp-json\/wp\/v2\/users\/1"}],"replies":[{"embeddable":true,"href":"https:\/\/paradiznik.si\/de\/wp-json\/wp\/v2\/comments?post=67"}],"version-history":[{"count":5,"href":"https:\/\/paradiznik.si\/de\/wp-json\/wp\/v2\/pages\/67\/revisions"}],"predecessor-version":[{"id":2488,"href":"https:\/\/paradiznik.si\/de\/wp-json\/wp\/v2\/pages\/67\/revisions\/2488"}],"wp:attachment":[{"href":"https:\/\/paradiznik.si\/de\/wp-json\/wp\/v2\/media?parent=67"}],"curies":[{"name":"wp","href":"https:\/\/api.w.org\/{rel}","templated":true}]}}